{"id":271,"date":"2025-11-22T00:11:57","date_gmt":"2025-11-22T03:11:57","guid":{"rendered":"https:\/\/ldmulher.com.br\/?page_id=271"},"modified":"2025-11-22T00:27:55","modified_gmt":"2025-11-22T03:27:55","slug":"podcast","status":"publish","type":"page","link":"https:\/\/ldmulher.com.br\/?page_id=271","title":{"rendered":"Podcast"},"content":{"rendered":"<div data-colibri-id=\"271-c1\" class=\"style-545 style-local-271-c1 position-relative\">\n  <!---->\n  <div data-colibri-component=\"section\" data-colibri-id=\"271-c2\" id=\"about\" class=\"h-section h-section-global-spacing d-flex align-items-lg-center align-items-md-center align-items-center style-546 style-local-271-c2 position-relative\">\n    <!---->\n    <!---->\n    <div class=\"h-section-grid-container h-section-boxed-container\">\n      <!---->\n      <div data-colibri-id=\"271-c3\" class=\"h-row-container gutters-row-lg-0 gutters-row-md-0 gutters-row-0 gutters-row-v-lg-0 gutters-row-v-md-0 gutters-row-v-0 style-547 style-local-271-c3 position-relative\">\n        <!---->\n        <div class=\"h-row justify-content-lg-center justify-content-md-center justify-content-center align-items-lg-stretch align-items-md-stretch align-items-stretch gutters-col-lg-0 gutters-col-md-0 gutters-col-0 gutters-col-v-lg-0 gutters-col-v-md-0 gutters-col-v-0\">\n          <!---->\n          <div class=\"h-column h-column-container d-flex h-col-lg-auto h-col-md-auto h-col-auto style-548-outer style-local-271-c4-outer\">\n            <div data-colibri-id=\"271-c4\" class=\"d-flex h-flex-basis h-column__inner h-ui-empty-state-container h-px-lg-0 h-px-md-0 h-px-0 v-inner-lg-0 v-inner-md-0 v-inner-0 style-548 style-local-271-c4 position-relative\">\n              <!---->\n              <!---->\n              <div class=\"w-100 h-y-container h-column__content h-column__v-align flex-basis-100\">\n                <!---->\n              <\/div>\n            <\/div>\n          <\/div>\n          <div class=\"h-column h-column-container d-flex h-col-lg-auto h-col-md-auto h-col-auto style-549-outer style-local-271-c5-outer\">\n            <div data-colibri-id=\"271-c5\" class=\"d-flex h-flex-basis h-column__inner h-px-lg-2 h-px-md-2 h-px-2 v-inner-lg-2 v-inner-md-2 v-inner-2 style-549 style-local-271-c5 position-relative\">\n              <!---->\n              <!---->\n              <div class=\"w-100 h-y-container h-column__content h-column__v-align flex-basis-100 align-self-lg-start align-self-md-start align-self-start\">\n                <!---->\n                <div data-colibri-id=\"271-c6\" class=\"h-global-transition-all h-heading style-550 style-local-271-c6 position-relative h-element\">\n                  <!---->\n                  <div class=\"h-heading__outer style-550 style-local-271-c6\">\n                    <!---->\n                    <!---->\n                    <h5 class=\"\">About us<\/h5>\n                  <\/div>\n                <\/div>\n                <div data-colibri-id=\"271-c7\" class=\"h-global-transition-all h-heading style-551 style-local-271-c7 position-relative h-element\">\n                  <!---->\n                  <div class=\"h-heading__outer style-551 style-local-271-c7\">\n                    <!---->\n                    <!---->\n                    <h2 class=\"\">Podcast Lugar de&nbsp;<em style=\"font-family: &quot;Playfair Display&quot;;\">Mulher<\/em><\/h2>\n                  <\/div>\n                <\/div>\n                <div data-colibri-id=\"271-c8\" class=\"h-text h-text-component style-552 style-local-271-c8 position-relative h-element\">\n                  <!---->\n                  <!---->\n                  <div class=\"\">\n                    <p>O in\u00edcio de toda grande jornada raramente conta com a estrutura ideal. Aqui, a vis\u00e3o e a determina\u00e7\u00e3o de @steleiva e @veronicaaraujooficiall superaram a aus\u00eancia de um est\u00fadio ou de uma estrutura completa de podcast. Com apenas um\n                      microfone, um espa\u00e7o e a f\u00e9 no prop\u00f3sito, demos o primeiro passo.<\/p>\n                    <p>Esta imagem \u00e9 um lembrete poderoso para voc\u00ea: a estrutura \u00e9 um b\u00f4nus, mas a VONTADE e a DISPONIBILIDADE s\u00e3o os verdadeiros propulsores do seu sonho. N\u00e3o espere pelo momento perfeito; comece com o que voc\u00ea tem.<\/p>\n                  <\/div>\n                <\/div>\n                <div data-colibri-id=\"271-c9\" class=\"h-x-container style-556 style-local-271-c9 position-relative h-element\">\n                  <!---->\n                  <div class=\"h-x-container-inner style-dynamic-271-c9-group style-556-spacing style-local-271-c9-spacing\"><span class=\"h-link__outer style-557-outer style-local-271-c10-outer d-inline-flex h-element\"><a h-use-smooth-scroll=\"true\" href=\"https:\/\/www.youtube.com\/@ilugardemulher\" target=\"_blank\"  data-colibri-id=\"271-c10\" class=\"d-flex w-100 align-items-center h-link style-557 style-local-271-c10 position-relative\"><!----><span  class=\"h-svg-icon h-link__icon style-557-icon style-local-271-c10-icon\"><!--Icon by Font Awesome (https:\/\/fontawesome.com)-->\n    <svg version=\"1.1\" xmlns=\"http:\/\/www.w3.org\/2000\/svg\" xmlns:xlink=\"http:\/\/www.w3.org\/1999\/xlink\" id=\"youtube-play\" viewBox=\"0 0 1792.0009 1896.0833\">\n      <path d=\"M711 1128l484-250-484-253v503zm185-862q168 0 324.5 4.5T1450 280l73 4q1 0 17 1.5t23 3 23.5 4.5 28.5 8 28 13 31 19.5 29 26.5q6 6 15.5 18.5t29 58.5 26.5 101q8 64 12.5 136.5T1792 788v176q1 145-18 290-7 55-25 99.5t-32 61.5l-14 17q-14 15-29 26.5t-31 19-28 12.5-28.5 8-24 4.5-23 3-16.5 1.5q-251 19-627 19-207-2-359.5-6.5T336 1512l-49-4-36-4q-36-5-54.5-10t-51-21-56.5-41q-6-6-15.5-18.5t-29-58.5T18 1254q-8-64-12.5-136.5T0 1004V828q-1-145 18-290 7-55 25-99.5T75 377l14-17q14-15 29-26.5t31-19.5 28-13 28.5-8 23.5-4.5 23-3 17-1.5q251-18 627-18z\"><\/path>\n    <\/svg><\/span> <span>Assista agora<\/span><\/a>\n                    <\/span>\n                  <\/div>\n                <\/div>\n              <\/div>\n            <\/div>\n          <\/div>\n        <\/div>\n      <\/div>\n    <\/div>\n  <\/div>\n<\/div>","protected":false},"excerpt":{"rendered":"<p>About us Podcast Lugar de&nbsp;Mulher O in\u00edcio de toda grande jornada raramente conta [&hellip;]<\/p>\n","protected":false},"author":1,"featured_media":0,"parent":0,"menu_order":0,"comment_status":"closed","ping_status":"closed","template":"page-templates\/full-width-page.php","meta":{"footnotes":""},"class_list":["post-271","page","type-page","status-publish","hentry"],"_links":{"self":[{"href":"https:\/\/ldmulher.com.br\/index.php?rest_route=\/wp\/v2\/pages\/271","targetHints":{"allow":["GET"]}}],"collection":[{"href":"https:\/\/ldmulher.com.br\/index.php?rest_route=\/wp\/v2\/pages"}],"about":[{"href":"https:\/\/ldmulher.com.br\/index.php?rest_route=\/wp\/v2\/types\/page"}],"author":[{"embeddable":true,"href":"https:\/\/ldmulher.com.br\/index.php?rest_route=\/wp\/v2\/users\/1"}],"replies":[{"embeddable":true,"href":"https:\/\/ldmulher.com.br\/index.php?rest_route=%2Fwp%2Fv2%2Fcomments&post=271"}],"version-history":[{"count":5,"href":"https:\/\/ldmulher.com.br\/index.php?rest_route=\/wp\/v2\/pages\/271\/revisions"}],"predecessor-version":[{"id":298,"href":"https:\/\/ldmulher.com.br\/index.php?rest_route=\/wp\/v2\/pages\/271\/revisions\/298"}],"wp:attachment":[{"href":"https:\/\/ldmulher.com.br\/index.php?rest_route=%2Fwp%2Fv2%2Fmedia&parent=271"}],"curies":[{"name":"wp","href":"https:\/\/api.w.org\/{rel}","templated":true}]}}